{"id":4824,"date":"2023-03-23T16:46:41","date_gmt":"2023-03-23T23:46:41","guid":{"rendered":"https:\/\/dottyforsupervisor.com\/?page_id=4824"},"modified":"2025-10-19T14:20:24","modified_gmt":"2025-10-19T21:20:24","slug":"about","status":"publish","type":"page","link":"https:\/\/dottyforsupervisor.com\/es\/about\/","title":{"rendered":"Acerca de Dotty"},"content":{"rendered":"<h1>\n\t\t\t\n\t\t<\/h1>\n\t\t\t\t<img decoding=\"async\" src=\"https:\/\/dottyforsupervisor.com\/wp-content\/uploads\/Dotty-and-Olivia-about-2.jpg\" alt=\"Dotty and Olivia\" itemprop=\"image\" height=\"484\" width=\"1024\" title=\"Dotty-y-Olivia-sobre-2\" onerror=\"this.style.display='none'\" loading=\"lazy\" \/>\n\t<h2>Dotty is a proud fourth-generation Woodlander who has spent her life serving her community. From her family&#8217;s business to her years in education and public service, she has built a career rooted in hard work, dedication, and giving back.<\/h2>\n<p><img loading=\"lazy\" decoding=\"async\" src=\"https:\/\/dottyforsupervisor.com\/wp-content\/uploads\/Olivia-and-Dotty-studebaker-.jpg\" alt=\"Olivia &amp; Dotty in front of Studebaker\" width=\"449\" height=\"396\" \/>When Dotty was growing up in Woodland, families in town and those in the rural areas were closely connected. Woodland wasn&#8217;t just the inner city-it embraced the rural areas and families too. Everyone came together in the spirit of one community, and those experiences gave Dotty a lifelong connection to Yolo County&#8217;s agricultural roots and shared traditions.<\/p>\n<p>Her desire to serve as supervisor comes from her dedication to ensuring that Yolo County remains a strong, supportive, and connected place for all its residents-today and for generations to come.<\/p>\n\t<h3>Ra\u00edces familiares y primeros trabajos<\/h3>\n<p>Dotty was born and raised in Woodland, attending Holy Rosary Elementary, Douglass Middle, and Woodland High School. Her family&#8217;s roots in the community run deep.<\/p>\n<p>In the early 1900s, Dotty&#8217;s great-grandfather opened the Electric Garage Company on Third and Main in downtown Woodland. What began as a shop repairing Studebaker horse-drawn wagons grew into the ninth automobile dealership established in California, originally known for converting gas-powered headlights into electric. The Electric Garage Company served Yolo County families for a century until her father, Lonny, retired and closed its doors.<\/p>\n<p><img loading=\"lazy\" decoding=\"async\" src=\"https:\/\/dottyforsupervisor.com\/wp-content\/uploads\/garage-opt1-1024x476.jpg\" alt=\"Electric Garage Co.\" width=\"1024\" height=\"476\" \/><\/p>\n<p>Dotty grew up working in the family business, starting as a teenager in the shop and later transitioning to the office. Her grandmother taught her how to manage the company&#8217;s books, a skill that would help her earn a minor in accounting and launch her own bookkeeping and tax service to pay her way through college. Those early experiences instilled in her a strong work ethic, a sense of responsibility, and the importance of putting customers first-lessons that would guide her throughout her career in education, small business, and public service.<\/p>\n\t<h3>Una carrera en la educaci\u00f3n y la peque\u00f1a empresa<\/h3>\n<p>Dotty knew from the time she was ten that she wanted to be a teacher. After earning her Master&#8217;s in English from CSU Sacramento, she spent 22 years teaching English and Latin, including 11 years as an adjunct English professor at Woodland Community College.<\/p>\n<p>En colaboraci\u00f3n con el profesor Mark Riley, coedit\u00f3 y public\u00f3 una edici\u00f3n moderna de <em>Argenis<\/em>novela latina renacentista del siglo XVII escrita por John Barclay, obra que ha sido reconocida internacionalmente por su contribuci\u00f3n a la erudici\u00f3n neolatina.<\/p>\n<p>Paralelamente a su carrera docente, Dotty fue propietaria de dos peque\u00f1as empresas. Dirig\u00eda <em>Accounting Advantages<\/em> durante diez a\u00f1os, y m\u00e1s tarde, mientras criaba a sus hijos, desarroll\u00f3 un servicio de educaci\u00f3n en casa en el que ense\u00f1aba literatura, composici\u00f3n y lat\u00edn a estudiantes de secundaria.<\/p>\n\t<h3>Carrera p\u00fablica<\/h3>\n<p><img loading=\"lazy\" decoding=\"async\" src=\"https:\/\/dottyforsupervisor.com\/wp-content\/uploads\/Ian-and-Dotty.jpg\" alt=\"Dotty and Ian\" width=\"362\" height=\"483\" \/>Dotty has served as the 3rd district supervisor&#8217;s deputy and chief of staff under three supervisors, working on a wide range of community and county programs.<\/p>\n<p>En este puesto, ha colaborado con los residentes, el personal del condado y los l\u00edderes locales en iniciativas que abarcan la seguridad p\u00fablica, la falta de vivienda, la vivienda, la sostenibilidad de los incendios, la salud p\u00fablica, los parques y el ocio, las artes y mucho m\u00e1s. Sus 20 a\u00f1os de experiencia pr\u00e1ctica le han proporcionado un profundo conocimiento del gobierno del condado y una s\u00f3lida base para el liderazgo.<\/p>\n\t<h3>Carrera p\u00fablica<\/h3>\n<img loading=\"lazy\" decoding=\"async\" src=\"https:\/\/dottyforsupervisor.com\/wp-content\/uploads\/WHM-2-1024x509.jpg\" alt=\"Women's History Celebration\" width=\"1024\" height=\"509\" \/><br \/>\nEn 2004, Dotty fund\u00f3 un foro comunitario para reunir a residentes, funcionarios electos y l\u00edderes c\u00edvicos en un di\u00e1logo abierto y productivo. Desde entonces, ha seguido profundamente involucrada en su comunidad, ofreciendo liderazgo y apoyo en escuelas, programas culturales, organizaciones sin \u00e1nimo de lucro y organizaciones locales, entre ellas:\n<ul>\n<li><strong>Chair and President, Yolo County Women&#8217;s History Month Committee (16 years)<\/strong><br \/>\nCelebrating women&#8217;s contributions and history in Yolo County and raising funds for Woodland and Yolo County libraries<\/li>\n<li><strong>Voluntario, Fourth &amp; Hope (incluida la recaudaci\u00f3n de fondos Empty Bowls)<\/strong><\/li>\n<li><strong>Miembro del Comit\u00e9 del Desfile de Navidad de la C\u00e1mara de Comercio de Woodland<\/strong><\/li>\n<li><strong>Miembro del Grupo de Gesti\u00f3n del Teatro del Estado Proyecto<\/strong><\/li>\n<li><strong>Miembro del Comit\u00e9 de Asignaciones de Woodland United Way<\/strong><\/li>\n<li><strong>Presidente, Club de Padres del Santo Rosario<\/strong><\/li>\n<li><strong>Presidenta de la Gala y Subasta del Santo Rosario<\/strong><\/li>\n<li><strong>Volunteer, Woodland &#8220;Running of the Turkeys&#8221; fundraiser<\/strong><\/li>\n<li><strong>Presentadora, productora y secretaria del consejo de administraci\u00f3n de WAVE TV<\/strong><\/li>\n<li><strong>Voluntario, Servicios Estudiantiles del Woodland Community College<\/strong><\/li>\n<li><strong>Voluntario, Liga del Cuerpo de Marines de Woodland, Toys for Tots<\/strong><\/li>\n<li><strong>Voluntario, Recaudaci\u00f3n de fondos de Navidad del Ej\u00e9rcito de Salvaci\u00f3n<\/strong><\/li>\n<li><strong>Miembro del Comit\u00e9 de Premios al Servicio Comunitario de Woodland<\/strong><\/li>\n<li><strong>Galardonada con el Premio a la Democracia de la Liga de Mujeres Votantes de Woodland<\/strong><\/li>\n<\/ul>\n\t<h3>Trabajo directo con el condado Yolo<\/h3>\n<p><img loading=\"lazy\" decoding=\"async\" src=\"https:\/\/dottyforsupervisor.com\/wp-content\/uploads\/Backpacks2-1024x416.jpg\" alt=\"Backpacks for Kids\" width=\"1024\" height=\"416\" \/><\/p>\n<ul>\n<li><strong>Cofundadora y Directora Ejecutiva, Yolo County Backpacks for Kids<\/strong><br \/>\nM\u00e1s de 20.000 ni\u00f1os necesitados del condado de Yolo recibieron mochilas y material escolar.<\/li>\n<li><strong>Yolo Recuento puntual del condado, trabajador del personal del condado<\/strong><br \/>\nConexi\u00f3n directa con residentes sin techo para comprender mejor la situaci\u00f3n de las personas sin hogar.<\/li>\n<li><strong>Coordinador de evacuaci\u00f3n, alimentos y suministros para la crisis de la presa de Oroville<\/strong><br \/>\nOrganizaci\u00f3n de comidas y suministros para los evacuados<\/li>\n<li><strong>Esfuerzos de reorganizaci\u00f3n de Fourth &amp; Hope, Enlace con el personal<\/strong><br \/>\nAyuda a la coordinaci\u00f3n y reestructuraci\u00f3n para reforzar los servicios<\/li>\n<li><strong>Yolo County Veteran&#8217;s Services, Staff Volunteer<\/strong><br \/>\nApoyo a los veteranos para que accedan a recursos y programas<\/li>\n<li><strong>Gibson House Festival of Trees, Presidente<\/strong><br \/>\nRaised funds for the museum&#8217;s historical collection<\/li>\n<li><strong>Gibson House Santa Saturday, Silla<\/strong><br \/>\nRaised funds for the museum&#8217;s children&#8217;s education program<\/li>\n<li><strong>Gibson House Fall Festival, Presidente<\/strong><br \/>\nRaised funds for the Yolo County Museum&#8217;s Children&#8217;s Education Program<\/li>\n<li><strong>Yolo County&#8217;s Annual &#8220;Operation Turkey&#8221; Drive, Chair<\/strong><br \/>\nComidas para el banco de alimentos y familias de acogida<\/li>\n<li><strong>Yolo Curso Seminario Condado 101, Promotor<\/strong><br \/>\nPresentaci\u00f3n a los residentes de los servicios y la gobernanza del condado<\/li>\n<li><strong>Yolo County Training Academy, Desarrollador de cursos e instructor<\/strong><br \/>\nDise\u00f1\u00f3 e imparti\u00f3 clases de formaci\u00f3n para el personal del condado<\/li>\n<\/ul>\n\t<h3>Familia y hogar<\/h3>\n<img loading=\"lazy\" decoding=\"async\" src=\"https:\/\/dottyforsupervisor.com\/wp-content\/uploads\/Boat-House-1-1024x420.jpg\" alt=\"Dotty and Olivia in front of &quot;Boat House&quot;\" width=\"1024\" height=\"420\" \/><br \/>\nDotty is the proud mother of her daughter, Olivia. They live in her family&#8217;s longtime home-affectionately known in Woodland as the &#8220;Boat House&#8221;-together with their dogs, Zoe, Zach, and Frankie.","protected":false},"excerpt":{"rendered":"<p>Dotty is a proud fourth-generation Woodlander who has spent her life serving her community. From her family&#8217;s business to her years in education and public service, she has built a career rooted in hard work, dedication, and giving back. When Dotty was growing up in Woodland, families in town and those in the rural areas&hellip;<\/p>","protected":false},"author":1,"featured_media":0,"parent":0,"menu_order":0,"comment_status":"closed","ping_status":"closed","template":"","meta":{"_acf_changed":false,"footnotes":"","_links_to":"","_links_to_target":""},"class_list":["post-4824","page","type-page","status-publish","hentry"],"acf":[],"_links":{"self":[{"href":"https:\/\/dottyforsupervisor.com\/es\/wp-json\/wp\/v2\/pages\/4824","targetHints":{"allow":["GET"]}}],"collection":[{"href":"https:\/\/dottyforsupervisor.com\/es\/wp-json\/wp\/v2\/pages"}],"about":[{"href":"https:\/\/dottyforsupervisor.com\/es\/wp-json\/wp\/v2\/types\/page"}],"author":[{"embeddable":true,"href":"https:\/\/dottyforsupervisor.com\/es\/wp-json\/wp\/v2\/users\/1"}],"replies":[{"embeddable":true,"href":"https:\/\/dottyforsupervisor.com\/es\/wp-json\/wp\/v2\/comments?post=4824"}],"version-history":[{"count":8,"href":"https:\/\/dottyforsupervisor.com\/es\/wp-json\/wp\/v2\/pages\/4824\/revisions"}],"predecessor-version":[{"id":269601,"href":"https:\/\/dottyforsupervisor.com\/es\/wp-json\/wp\/v2\/pages\/4824\/revisions\/269601"}],"wp:attachment":[{"href":"https:\/\/dottyforsupervisor.com\/es\/wp-json\/wp\/v2\/media?parent=4824"}],"curies":[{"name":"wp","href":"https:\/\/api.w.org\/{rel}","templated":true}]}}