{"id":4743,"date":"2023-03-23T11:22:23","date_gmt":"2023-03-23T18:22:23","guid":{"rendered":"https:\/\/dottyforsupervisor.com\/?page_id=4743"},"modified":"2025-08-29T11:12:20","modified_gmt":"2025-08-29T18:12:20","slug":"terms","status":"publish","type":"page","link":"https:\/\/dottyforsupervisor.com\/es\/terms\/","title":{"rendered":"Condiciones de uso"},"content":{"rendered":"<h1>\n\t\t\t\n\t\t<\/h1>\n<h2>\n\t\t\tCondiciones de uso del sitio web\t<\/h2>\n\t<ol>\n<li><b>T\u00e9rminos<\/b><\/li>\n<\/ol>\n<p>Al acceder a este sitio web, usted acepta quedar vinculado por estas Condiciones de uso del sitio web, todas las leyes y reglamentos aplicables, y acepta que es responsable del cumplimiento de cualquier ley local aplicable. Si no est\u00e1 de acuerdo con alguna de estas condiciones, se le proh\u00edbe utilizar o acceder a este sitio. Los materiales contenidos en este sitio web est\u00e1n protegidos por la legislaci\u00f3n aplicable en materia de derechos de autor y marcas.<\/p>\n<ol start=\"2\">\n<li><b>Licencia de uso<\/b><\/li>\n<\/ol>\n<p>Permission is granted to temporarily download one copy of the materials (information or software) on Privacy Policy of  web site for personal, non-commercial transitory viewing only. This is the grant of a license, not a transfer of title, and under this license you may not:<\/p>\n<ol>\n<li>modificar o copiar los materiales;<\/li>\n<li>utilizar los materiales para cualquier fin comercial, o para cualquier exhibici\u00f3n p\u00fablica (comercial o no comercial);<\/li>\n<li>attempt to decompile or reverse engineer any software contained on  web site;<\/li>\n<li>eliminar de los materiales cualquier menci\u00f3n relativa a derechos de autor u otros derechos de propiedad; o<\/li>\n<li>transfer the materials to another person or &#8220;mirror&#8221; the materials on any other server.<\/li>\n<\/ol>\n<p>This license shall automatically terminate if you violate any of these restrictions and may be terminated by Privacy Policy of  at any time. Upon terminating your viewing of these materials or upon the termination of this license, you must destroy any downloaded materials in your possession whether in electronic or printed format.<\/p>\n<ol start=\"3\">\n<li><b>Descargo de responsabilidad<\/b><\/li>\n<\/ol>\n<p>The materials on Privacy Policy of  web site are provided &#8220;as is&#8221;. Privacy Policy of  makes no warranties, expressed or implied, and hereby disclaims and negates all other warranties, including without limitation, implied warranties or conditions of merchantability, fitness for a particular purpose, or non-infringement of intellectual property or other violation of rights. Further, Privacy Policy of  does not warrant or make any representations concerning the accuracy, likely results, or reliability of the use of the materials on its Internet web site or otherwise relating to such materials or on any sites linked to this site.<\/p>\n<ol start=\"4\">\n<li><b>Limitaciones<\/b><\/li>\n<\/ol>\n<p>In no event shall Privacy Policy of  or its suppliers be liable for any damages (including, without limitation, damages for loss of data or profit, or due to business interruption,) arising out of the use or inability to use the materials on Privacy Policy of  Internet site, even if Privacy Policy of  or a  authorized representative has been notified orally or in writing of the possibility of such damage. Because some jurisdictions do not allow limitations on implied warranties, or limitations of liability for consequential or incidental damages, these limitations may not apply to you.<\/p>\n<ol start=\"5\">\n<li><b>Revisiones y erratas<\/b><\/li>\n<\/ol>\n<p>The materials appearing on Privacy Policy of  web site could include technical, typographical, or photographic errors. Privacy Policy of  does not warrant that any of the materials on its web site are accurate, complete, or current.  may make changes to the materials contained on its web site at any time without notice. Privacy Policy of  does not, however, make any commitment to update the materials.<\/p>\n<ol start=\"6\">\n<li><b>Enlaces<\/b><\/li>\n<\/ol>\n<p>Privacy Policy of  has not reviewed all of the sites linked to its Internet web site and is not responsible for the contents of any such linked site. The inclusion of any link does not imply endorsement by Privacy Policy of  of the site. Use of any such linked web site is at the user&#8217;s own risk.<\/p>\n<ol start=\"7\">\n<li><b>Modificaciones de las condiciones de uso del sitio<\/b><\/li>\n<\/ol>\n<p>Privacy Policy of  may revise these terms of use for its web site at any time without notice. By using this web site you are agreeing to be bound by the then current version of these Terms and Conditions of Use.<\/p>\n<ol start=\"8\">\n<li><b>Derecho aplicable<\/b><\/li>\n<\/ol>\n<p>Any claim relating Privacy Policy of  web site shall be governed by the laws of the State of  without regard to its conflict of law provisions.<\/p>\n<p>Condiciones generales aplicables al uso de un sitio web.<\/p>","protected":false},"excerpt":{"rendered":"<p>Web Site Terms and Conditions of Use Terms By accessing this web site, you are agreeing to be bound by these web site Terms and Conditions of Use, all applicable laws and regulations, and agree that you are responsible for compliance with any applicable local laws. If you do not agree with any of these&hellip;<\/p>","protected":false},"author":1,"featured_media":0,"parent":0,"menu_order":0,"comment_status":"closed","ping_status":"closed","template":"","meta":{"_acf_changed":false,"footnotes":"","_links_to":"","_links_to_target":""},"class_list":["post-4743","page","type-page","status-publish","hentry"],"acf":[],"_links":{"self":[{"href":"https:\/\/dottyforsupervisor.com\/es\/wp-json\/wp\/v2\/pages\/4743","targetHints":{"allow":["GET"]}}],"collection":[{"href":"https:\/\/dottyforsupervisor.com\/es\/wp-json\/wp\/v2\/pages"}],"about":[{"href":"https:\/\/dottyforsupervisor.com\/es\/wp-json\/wp\/v2\/types\/page"}],"author":[{"embeddable":true,"href":"https:\/\/dottyforsupervisor.com\/es\/wp-json\/wp\/v2\/users\/1"}],"replies":[{"embeddable":true,"href":"https:\/\/dottyforsupervisor.com\/es\/wp-json\/wp\/v2\/comments?post=4743"}],"version-history":[{"count":1,"href":"https:\/\/dottyforsupervisor.com\/es\/wp-json\/wp\/v2\/pages\/4743\/revisions"}],"predecessor-version":[{"id":269571,"href":"https:\/\/dottyforsupervisor.com\/es\/wp-json\/wp\/v2\/pages\/4743\/revisions\/269571"}],"wp:attachment":[{"href":"https:\/\/dottyforsupervisor.com\/es\/wp-json\/wp\/v2\/media?parent=4743"}],"curies":[{"name":"wp","href":"https:\/\/api.w.org\/{rel}","templated":true}]}}